{"id":4972,"date":"2015-05-10T00:00:49","date_gmt":"2015-05-09T22:00:49","guid":{"rendered":"https:\/\/minguella.com\/en\/inici\/"},"modified":"2019-11-06T09:46:01","modified_gmt":"2019-11-06T08:46:01","slug":"inici","status":"publish","type":"page","link":"https:\/\/minguella.com\/en\/","title":{"rendered":"Home"},"content":{"rendered":"\n\t\t<div id=\"fws_69f4cb28dabf8\"  data-column-margin=\"default\" data-midnight=\"light\"  class=\"wpb_row vc_row-fluid vc_row full-width-content vc_row-o-equal-height vc_row-flex vc_row-o-content-top\"  style=\"padding-top: 0px; padding-bottom: 0px; \"><div class=\"row-bg-wrap\" data-bg-animation=\"none\" data-bg-overlay=\"false\"><div class=\"inner-wrap\"><div class=\"row-bg viewport-desktop using-bg-color\"  style=\"background-color: #bf0000; \"><\/div><\/div><\/div><div class=\"row_col_wrap_12 col span_12 light left\">\n\t<div  class=\"vc_col-sm-12 wpb_column column_container vc_column_container col no-extra-padding\"  data-padding-pos=\"all\" data-has-bg-color=\"false\" data-bg-color=\"\" data-bg-opacity=\"1\" data-animation=\"\" data-delay=\"0\" >\n\t\t<div class=\"vc_column-inner\" >\n\t\t\t<div class=\"wpb_wrapper\">\n\t\t\t\t<div class=\"img-with-aniamtion-wrap center\" data-max-width=\"none\" data-max-width-mobile=\"default\" data-shadow=\"none\" data-animation=\"fade-in\" >\n      <div class=\"inner\">\n        <div class=\"hover-wrap\"> \n          <div class=\"hover-wrap-inner\">\n            <img loading=\"lazy\" decoding=\"async\" class=\"img-with-animation skip-lazy imatge-inici\" data-delay=\"0\" height=\"860\" width=\"2000\" data-animation=\"fade-in\" src=\"https:\/\/minguella.com\/wp-content\/uploads\/2017\/02\/agbar-2017.jpg\" alt=\"\" srcset=\"https:\/\/minguella.com\/wp-content\/uploads\/2017\/02\/agbar-2017.jpg 2000w, https:\/\/minguella.com\/wp-content\/uploads\/2017\/02\/agbar-2017-300x129.jpg 300w, https:\/\/minguella.com\/wp-content\/uploads\/2017\/02\/agbar-2017-768x330.jpg 768w, https:\/\/minguella.com\/wp-content\/uploads\/2017\/02\/agbar-2017-1024x440.jpg 1024w\" sizes=\"(max-width: 2000px) 100vw, 2000px\" \/>\n          <\/div>\n        <\/div>\n      <\/div>\n    <\/div>\n\t\t\t<\/div> \n\t\t<\/div>\n\t<\/div> \n<\/div><\/div>\n\t\t<div id=\"icones-inici\"  data-column-margin=\"default\" data-midnight=\"light\"  class=\"wpb_row vc_row-fluid vc_row full-width-section icones-inici\"  style=\"padding-top: 60px; padding-bottom: 35px; \"><div class=\"row-bg-wrap\" data-bg-animation=\"none\" data-bg-overlay=\"false\"><div class=\"inner-wrap\"><div class=\"row-bg viewport-desktop using-bg-color\"  style=\"background-color: #bf0000; \"><\/div><\/div><\/div><div class=\"row_col_wrap_12 col span_12 light center\">\n\t<div  class=\"vc_col-sm-12 wpb_column column_container vc_column_container col no-extra-padding\"  data-padding-pos=\"all\" data-has-bg-color=\"false\" data-bg-color=\"\" data-bg-opacity=\"1\" data-animation=\"\" data-delay=\"0\" >\n\t\t<div class=\"vc_column-inner\" >\n\t\t\t<div class=\"wpb_wrapper\">\n\t\t\t\t\n<div class=\"wpb_text_column wpb_content_element  titular-fonsvermell-inici\" >\n\t<div class=\"wpb_wrapper\">\n\t\t<h3 style=\"text-align: center;\">We offer our clients the advice, design and execution of lifting and handling operations in an efficient and safe way<\/h3>\n\t<\/div>\n<\/div>\n\n\n\n\n\t\t\t<\/div> \n\t\t<\/div>\n\t<\/div> \n<\/div><\/div>\n\t\t<div id=\"fws_69f4cb28dc225\"  data-column-margin=\"default\" data-midnight=\"dark\"  class=\"wpb_row vc_row-fluid vc_row full-width-content vc_row-o-equal-height vc_row-flex vc_row-o-content-middle\"  style=\"padding-top: 0px; padding-bottom: 0px; \"><div class=\"row-bg-wrap\" data-bg-animation=\"none\" data-bg-overlay=\"false\"><div class=\"inner-wrap\"><div class=\"row-bg viewport-desktop\"  style=\"\"><\/div><\/div><\/div><div class=\"row_col_wrap_12 col span_12 dark left\">\n\t<div style=\" color: #ffffff;\" class=\"vc_col-sm-6 wpb_column column_container vc_column_container col no-extra-padding\" data-cfc=\"true\" data-using-bg=\"true\" data-padding-pos=\"all\" data-has-bg-color=\"true\" data-bg-color=\"#bf0000\" data-bg-opacity=\"1\" data-animation=\"\" data-delay=\"0\" >\n\t\t<div class=\"vc_column-inner\" ><div class=\"column-bg-overlay-wrap column-bg-layer\" data-bg-animation=\"none\"><div class=\"column-bg-overlay\" style=\"opacity: 1; background-color: #bf0000;\"><\/div><\/div>\n\t\t\t<div class=\"wpb_wrapper\">\n\t\t\t\t\n\t<div class=\"wpb_gallery wpb_content_element clearfix\">\n\t\t<div class=\"wpb_wrapper\"><div class=\"wpb_gallery_slidesnectarslider_style\" data-onclick=\"link_no\" data-interval=\"5\"><div class=\"nectar-slider-wrap\" style=\"height: 800px\" data-flexible-height=\"true\" data-overall_style=\"classic\" data-button-styling=\"btn_with_count\" data-fullscreen=\"false\"  data-full-width=\"false\" data-parallax=\"false\" data-autorotate=\"5500\" id=\"ns-id-69f4cb28dd0c7\"><div class=\"swiper-container\" style=\"height: 800px\"  data-loop=\"true\" data-height=\"800\" data-bullets=\"\" data-bullet_style=\"see_through\" data-arrows=\"true\" data-desktop-swipe=\"true\" data-settings=\"\"><div class=\"swiper-wrapper\"><div class=\"swiper-slide\" data-bg-alignment=\"center\" data-color-scheme=\"light\" data-x-pos=\"centered\" data-y-pos=\"middle\"><div class=\"image-bg\" style=\"background-image: url(https:\/\/minguella.com\/wp-content\/uploads\/2017\/02\/seguretat-2-1.jpg);\">  &nbsp; <\/div><span class=\"ie-fix\"><\/span> <\/div><!--\/swiper-slide--><div class=\"swiper-slide\" data-bg-alignment=\"center\" data-color-scheme=\"light\" data-x-pos=\"centered\" data-y-pos=\"middle\"><div class=\"image-bg\" style=\"background-image: url(https:\/\/minguella.com\/wp-content\/uploads\/2017\/02\/qualitat-2.jpg);\">  &nbsp; <\/div><span class=\"ie-fix\"><\/span> <\/div><!--\/swiper-slide--><\/div><a href=\"\" class=\"slider-prev\"><i class=\"icon-salient-left-arrow\"><\/i> <div class=\"slide-count\"> <span class=\"slide-current\">1<\/span> <i class=\"icon-salient-right-line\"><\/i> <span class=\"slide-total\"><\/span> <\/div> <\/a>\n\t\t\t     \t\t<a href=\"\" class=\"slider-next\"><i class=\"icon-salient-right-arrow\"><\/i> <div class=\"slide-count\"> <span class=\"slide-current\">1<\/span> <i class=\"icon-salient-right-line\"><\/i> <span class=\"slide-total\"><\/span> <\/div> <\/a><div class=\"nectar-slider-loading\"><\/div><\/div><\/div><\/div>\n\t\t<\/div> \n\t<\/div> \n\t\t\t<\/div> \n\t\t<\/div>\n\t<\/div> \n\n\t<div style=\" color: #424242;\" class=\"vc_col-sm-6 wpb_column column_container vc_column_container col padding-6-percent\" data-cfc=\"true\" data-using-bg=\"true\" data-padding-pos=\"all\" data-has-bg-color=\"true\" data-bg-color=\"#dedede\" data-bg-opacity=\"1\" data-animation=\"\" data-delay=\"0\" >\n\t\t<div class=\"vc_column-inner\" ><div class=\"column-bg-overlay-wrap column-bg-layer\" data-bg-animation=\"none\"><div class=\"column-bg-overlay\" style=\"opacity: 1; background-color: #dedede;\"><\/div><\/div>\n\t\t\t<div class=\"wpb_wrapper\">\n\t\t\t\t<div id=\"fws_69f4cb28ef326\" data-midnight=\"\" data-column-margin=\"default\" class=\"wpb_row vc_row-fluid vc_row inner_row\"  style=\"\"><div class=\"row-bg-wrap\"> <div class=\"row-bg\" ><\/div> <\/div><div class=\"row_col_wrap_12_inner col span_12  left\">\n\t<div  class=\"vc_col-sm-12 wpb_column column_container vc_column_container col child_column no-extra-padding\"   data-padding-pos=\"all\" data-has-bg-color=\"false\" data-bg-color=\"\" data-bg-opacity=\"1\" data-animation=\"\" data-delay=\"0\" >\n\t\t<div class=\"vc_column-inner\" >\n\t\t<div class=\"wpb_wrapper\">\n\t\t\t\n<div class=\"wpb_text_column wpb_content_element  vc_custom_1495786868261\" >\n\t<div class=\"wpb_wrapper\">\n\t\t<h3 style=\"text-align: left;\">Safety<\/h3>\n<ul>\n<li class=\"p1\"><span class=\"s1\">One of our main goal achieved during the recent years has been to be one of the crane rental and services company with the lowest level of accidents and incidents in the sector. We aim to provide to our team continuous training and development of all employees, clear work instructions, strict safety procedures and company-wide safety, health, environment and quality campaigns.<\/span><\/li>\n<li class=\"p1\">Implementation of an ambitious prevention plan to figure out us as reference in our sector.<\/li>\n<li class=\"p1\">Training plan in prevention oriented to our activity given by specialized companies.<\/li>\n<li class=\"p1\">Random controls of good practices to guarantee hazard prevention and security procedures (PSS).<\/li>\n<li class=\"p1\">We reward the proactive attitude of our staff in prevention.<\/li>\n<\/ul>\n\t<\/div>\n<\/div>\n\n\n\n\n<div class=\"wpb_text_column wpb_content_element  vc_custom_1495786853600\" >\n\t<div class=\"wpb_wrapper\">\n\t\t<h3 style=\"text-align: left;\">Quality<\/h3>\n<ul>\n<li class=\"p1\"><strong>AENOR ISO 9002<\/strong> quality certificate<\/li>\n<li class=\"p1\"><span class=\"s1\"><strong>EN280<\/strong> for working at height<\/span><\/li>\n<li class=\"p1\">Company that maintains cranes<\/li>\n<li class=\"p1\">Minguella has established as a homologated group-training centre. Different courses can be followed throughout the year (self-propelled mobile crane operators, riggers, forklift operators, and others) both for unemployed people as well as for employees<\/li>\n<li class=\"p1\">Once after sales service, crane manufacturers supply specific training of the machinery<\/li>\n<\/ul>\n\t<\/div>\n<\/div>\n\n\n\n\n\t\t<\/div> \n\t<\/div>\n\t<\/div> \n<\/div><\/div>\n\t\t\t<\/div> \n\t\t<\/div>\n\t<\/div> \n<\/div><\/div>\n\t\t<div id=\"fws_69f4cb28efbd2\"  data-column-margin=\"default\" data-midnight=\"dark\"  class=\"wpb_row vc_row-fluid vc_row full-width-content vc_row-o-equal-height vc_row-flex vc_row-o-content-middle\"  style=\"padding-top: 0px; padding-bottom: 0px; \"><div class=\"row-bg-wrap\" data-bg-animation=\"none\" data-bg-overlay=\"false\"><div class=\"inner-wrap\"><div class=\"row-bg viewport-desktop using-bg-color\"  style=\"background-color: #dedede; \"><\/div><\/div><\/div><div class=\"row_col_wrap_12 col span_12 dark left\">\n\t<div style=\"\" class=\"vc_col-sm-6 wpb_column column_container vc_column_container col padding-6-percent\" data-using-bg=\"true\" data-padding-pos=\"all\" data-has-bg-color=\"true\" data-bg-color=\"#dedede\" data-bg-opacity=\"1\" data-animation=\"\" data-delay=\"0\" >\n\t\t<div class=\"vc_column-inner\" ><div class=\"column-bg-overlay-wrap column-bg-layer\" data-bg-animation=\"none\"><div class=\"column-bg-overlay\" style=\"opacity: 1; background-color: #dedede;\"><\/div><\/div>\n\t\t\t<div class=\"wpb_wrapper\">\n\t\t\t\t<div id=\"fws_69f4cb28effb3\" data-midnight=\"\" data-column-margin=\"default\" class=\"wpb_row vc_row-fluid vc_row inner_row\"  style=\"\"><div class=\"row-bg-wrap\"> <div class=\"row-bg\" ><\/div> <\/div><div class=\"row_col_wrap_12_inner col span_12  left\">\n\t<div  class=\"vc_col-sm-12 wpb_column column_container vc_column_container col child_column no-extra-padding\"   data-padding-pos=\"all\" data-has-bg-color=\"false\" data-bg-color=\"\" data-bg-opacity=\"1\" data-animation=\"\" data-delay=\"0\" >\n\t\t<div class=\"vc_column-inner\" >\n\t\t<div class=\"wpb_wrapper\">\n\t\t\t\n<div class=\"wpb_text_column wpb_content_element \" >\n\t<div class=\"wpb_wrapper\">\n\t\t<h3 style=\"text-align: left;\">History<\/h3>\n<p style=\"text-align: left;\"><strong>Minguella SL<\/strong> was founded in the Bellpuig village in 1948. At that time, the main activity was to repair heavy machinery. Also, Minguella SL offered the service of collection of damaged vehicles with the first manufactured mobile crane. Minguella SL became one of more popular businesses in the county.<\/p>\n<p style=\"text-align: left;\">In 1975, the business base moved to Lleida city, becoming the first company in the sector in Catalonia, Aragon and Valencia counties, offering mobile cranes up to 100 tons of capacity.<\/p>\n<p style=\"text-align: left;\">In 1998, Minguella SL turned 50 years from the beginning of its starting activity.<\/p>\n<p style=\"text-align: left;\">In 2005, the base in Lleida was expanded up to 8,000 m2, according to the improvements on the old N-II road, now called LL-11. In the base, a new canopy was built for trucks and all accesses were improved.<\/p>\n\t<\/div>\n<\/div>\n\n\n\n\n\t\t<\/div> \n\t<\/div>\n\t<\/div> \n<\/div><\/div>\n\t\t\t<\/div> \n\t\t<\/div>\n\t<\/div> \n\n\t<div style=\"\" class=\"vc_col-sm-6 wpb_column column_container vc_column_container col no-extra-padding\" data-using-bg=\"true\" data-padding-pos=\"all\" data-has-bg-color=\"true\" data-bg-color=\"#bf00000\" data-bg-opacity=\"1\" data-animation=\"\" data-delay=\"0\" >\n\t\t<div class=\"vc_column-inner\" ><div class=\"column-bg-overlay-wrap column-bg-layer\" data-bg-animation=\"none\"><div class=\"column-bg-overlay\" style=\"opacity: 1; background-color: #bf00000;\"><\/div><\/div>\n\t\t\t<div class=\"wpb_wrapper\">\n\t\t\t\t\n\t<div class=\"wpb_gallery wpb_content_element clearfix\">\n\t\t<div class=\"wpb_wrapper\"><div class=\"wpb_gallery_slidesnectarslider_style\" data-onclick=\"link_no\" data-interval=\"5\"><div class=\"nectar-slider-wrap\" style=\"height: 800px\" data-flexible-height=\"true\" data-overall_style=\"classic\" data-button-styling=\"btn_with_count\" data-fullscreen=\"false\"  data-full-width=\"false\" data-parallax=\"false\" data-autorotate=\"5500\" id=\"ns-id-69f4cb28f08ae\"><div class=\"swiper-container\" style=\"height: 800px\"  data-loop=\"true\" data-height=\"800\" data-bullets=\"\" data-bullet_style=\"see_through\" data-arrows=\"true\" data-desktop-swipe=\"true\" data-settings=\"\"><div class=\"swiper-wrapper\"><div class=\"swiper-slide\" data-bg-alignment=\"center\" data-color-scheme=\"light\" data-x-pos=\"centered\" data-y-pos=\"middle\"><div class=\"image-bg\" style=\"background-image: url(https:\/\/minguella.com\/wp-content\/uploads\/2015\/05\/historia1-2.jpg);\">  &nbsp; <\/div><span class=\"ie-fix\"><\/span> <\/div><!--\/swiper-slide--><div class=\"swiper-slide\" data-bg-alignment=\"center\" data-color-scheme=\"light\" data-x-pos=\"centered\" data-y-pos=\"middle\"><div class=\"image-bg\" style=\"background-image: url(https:\/\/minguella.com\/wp-content\/uploads\/2015\/05\/historia2-1.jpg);\">  &nbsp; <\/div><span class=\"ie-fix\"><\/span> <\/div><!--\/swiper-slide--><div class=\"swiper-slide\" data-bg-alignment=\"center\" data-color-scheme=\"light\" data-x-pos=\"centered\" data-y-pos=\"middle\"><div class=\"image-bg\" style=\"background-image: url(https:\/\/minguella.com\/wp-content\/uploads\/2015\/05\/historia3-1.jpg);\">  &nbsp; <\/div><span class=\"ie-fix\"><\/span> <\/div><!--\/swiper-slide--><div class=\"swiper-slide\" data-bg-alignment=\"center\" data-color-scheme=\"light\" data-x-pos=\"centered\" data-y-pos=\"middle\"><div class=\"image-bg\" style=\"background-image: url(https:\/\/minguella.com\/wp-content\/uploads\/2015\/05\/nau-actual.jpg);\">  &nbsp; <\/div><span class=\"ie-fix\"><\/span> <\/div><!--\/swiper-slide--><\/div><a href=\"\" class=\"slider-prev\"><i class=\"icon-salient-left-arrow\"><\/i> <div class=\"slide-count\"> <span class=\"slide-current\">1<\/span> <i class=\"icon-salient-right-line\"><\/i> <span class=\"slide-total\"><\/span> <\/div> <\/a>\n\t\t\t     \t\t<a href=\"\" class=\"slider-next\"><i class=\"icon-salient-right-arrow\"><\/i> <div class=\"slide-count\"> <span class=\"slide-current\">1<\/span> <i class=\"icon-salient-right-line\"><\/i> <span class=\"slide-total\"><\/span> <\/div> <\/a><div class=\"nectar-slider-loading\"><\/div><\/div><\/div><\/div>\n\t\t<\/div> \n\t<\/div> \n\t\t\t<\/div> \n\t\t<\/div>\n\t<\/div> \n<\/div><\/div>\n","protected":false},"excerpt":{"rendered":"We offer our clients the advice, design and execution of lifting and handling operations in an efficient and safe way &nbsp; &nbsp; 1 1 Safety One of our main goal...","protected":false},"author":1,"featured_media":0,"parent":0,"menu_order":10,"comment_status":"closed","ping_status":"closed","template":"","meta":{"_monsterinsights_skip_tracking":false,"_monsterinsights_sitenote_active":false,"_monsterinsights_sitenote_note":"","_monsterinsights_sitenote_category":0,"footnotes":""},"yoast_head":"<!-- This site is optimized with the Yoast SEO plugin v22.7 - https:\/\/yoast.com\/wordpress\/plugins\/seo\/ -->\n<title>Grues Minguella. Grues Lleida. Grues Mons\u00f3. Grues M\u00f2bils<\/title>\n<meta name=\"description\" content=\"Grues Lleida. Grues Mons\u00f3. Grues m\u00f2bils. Camions grua. Transport especial Equip altament qualificat amb maquin\u00e0ria d\u2019\u00faltima generaci\u00f3. Especialistes en manipulaci\u00f3 de c\u00e0rregues per a tot tipus de manipulacions.\" \/>\n<meta name=\"robots\" content=\"index, follow, max-snippet:-1, max-image-preview:large, max-video-preview:-1\" \/>\n<link rel=\"canonical\" href=\"https:\/\/minguella.com\/en\/\" \/>\n<meta property=\"og:locale\" content=\"en_US\" \/>\n<meta property=\"og:type\" content=\"article\" \/>\n<meta property=\"og:title\" content=\"Grues Minguella. Grues Lleida. Grues Mons\u00f3. Grues M\u00f2bils\" \/>\n<meta property=\"og:description\" content=\"Grues Lleida. Grues Mons\u00f3. Grues m\u00f2bils. Camions grua. Transport especial Equip altament qualificat amb maquin\u00e0ria d\u2019\u00faltima generaci\u00f3. Especialistes en manipulaci\u00f3 de c\u00e0rregues per a tot tipus de manipulacions.\" \/>\n<meta property=\"og:url\" content=\"https:\/\/minguella.com\/en\/\" \/>\n<meta property=\"og:site_name\" content=\"Grues Minguella\" \/>\n<meta property=\"article:publisher\" content=\"https:\/\/www.facebook.com\/gruasminguella\" \/>\n<meta property=\"article:modified_time\" content=\"2019-11-06T08:46:01+00:00\" \/>\n<meta name=\"twitter:card\" content=\"summary_large_image\" \/>\n<meta name=\"twitter:site\" content=\"@gruasminguella\" \/>\n<meta name=\"twitter:label1\" content=\"Est. reading time\" \/>\n\t<meta name=\"twitter:data1\" content=\"5 minutes\" \/>\n<script type=\"application\/ld+json\" class=\"yoast-schema-graph\">{\"@context\":\"https:\/\/schema.org\",\"@graph\":[{\"@type\":\"WebPage\",\"@id\":\"https:\/\/minguella.com\/en\/\",\"url\":\"https:\/\/minguella.com\/en\/\",\"name\":\"Grues Minguella. Grues Lleida. Grues Mons\u00f3. Grues M\u00f2bils\",\"isPartOf\":{\"@id\":\"https:\/\/minguella.com\/en\/#website\"},\"datePublished\":\"2015-05-09T22:00:49+00:00\",\"dateModified\":\"2019-11-06T08:46:01+00:00\",\"description\":\"Grues Lleida. Grues Mons\u00f3. Grues m\u00f2bils. Camions grua. Transport especial Equip altament qualificat amb maquin\u00e0ria d\u2019\u00faltima generaci\u00f3. Especialistes en manipulaci\u00f3 de c\u00e0rregues per a tot tipus de manipulacions.\",\"breadcrumb\":{\"@id\":\"https:\/\/minguella.com\/en\/#breadcrumb\"},\"inLanguage\":\"en-US\",\"potentialAction\":[{\"@type\":\"ReadAction\",\"target\":[\"https:\/\/minguella.com\/en\/\"]}]},{\"@type\":\"BreadcrumbList\",\"@id\":\"https:\/\/minguella.com\/en\/#breadcrumb\",\"itemListElement\":[{\"@type\":\"ListItem\",\"position\":1,\"name\":\"Inici\",\"item\":\"https:\/\/minguella.com\/en\/\"},{\"@type\":\"ListItem\",\"position\":2,\"name\":\"Home\"}]},{\"@type\":\"WebSite\",\"@id\":\"https:\/\/minguella.com\/en\/#website\",\"url\":\"https:\/\/minguella.com\/en\/\",\"name\":\"Grues Minguella\",\"description\":\"Up your business\",\"potentialAction\":[{\"@type\":\"SearchAction\",\"target\":{\"@type\":\"EntryPoint\",\"urlTemplate\":\"https:\/\/minguella.com\/en\/?s={search_term_string}\"},\"query-input\":\"required name=search_term_string\"}],\"inLanguage\":\"en-US\"}]}<\/script>\n<!-- \/ Yoast SEO plugin. -->","yoast_head_json":{"title":"Grues Minguella. Grues Lleida. Grues Mons\u00f3. Grues M\u00f2bils","description":"Grues Lleida. Grues Mons\u00f3. Grues m\u00f2bils. Camions grua. Transport especial Equip altament qualificat amb maquin\u00e0ria d\u2019\u00faltima generaci\u00f3. Especialistes en manipulaci\u00f3 de c\u00e0rregues per a tot tipus de manipulacions.","robots":{"index":"index","follow":"follow","max-snippet":"max-snippet:-1","max-image-preview":"max-image-preview:large","max-video-preview":"max-video-preview:-1"},"canonical":"https:\/\/minguella.com\/en\/","og_locale":"en_US","og_type":"article","og_title":"Grues Minguella. Grues Lleida. Grues Mons\u00f3. Grues M\u00f2bils","og_description":"Grues Lleida. Grues Mons\u00f3. Grues m\u00f2bils. Camions grua. Transport especial Equip altament qualificat amb maquin\u00e0ria d\u2019\u00faltima generaci\u00f3. Especialistes en manipulaci\u00f3 de c\u00e0rregues per a tot tipus de manipulacions.","og_url":"https:\/\/minguella.com\/en\/","og_site_name":"Grues Minguella","article_publisher":"https:\/\/www.facebook.com\/gruasminguella","article_modified_time":"2019-11-06T08:46:01+00:00","twitter_card":"summary_large_image","twitter_site":"@gruasminguella","twitter_misc":{"Est. reading time":"5 minutes"},"schema":{"@context":"https:\/\/schema.org","@graph":[{"@type":"WebPage","@id":"https:\/\/minguella.com\/en\/","url":"https:\/\/minguella.com\/en\/","name":"Grues Minguella. Grues Lleida. Grues Mons\u00f3. Grues M\u00f2bils","isPartOf":{"@id":"https:\/\/minguella.com\/en\/#website"},"datePublished":"2015-05-09T22:00:49+00:00","dateModified":"2019-11-06T08:46:01+00:00","description":"Grues Lleida. Grues Mons\u00f3. Grues m\u00f2bils. Camions grua. Transport especial Equip altament qualificat amb maquin\u00e0ria d\u2019\u00faltima generaci\u00f3. Especialistes en manipulaci\u00f3 de c\u00e0rregues per a tot tipus de manipulacions.","breadcrumb":{"@id":"https:\/\/minguella.com\/en\/#breadcrumb"},"inLanguage":"en-US","potentialAction":[{"@type":"ReadAction","target":["https:\/\/minguella.com\/en\/"]}]},{"@type":"BreadcrumbList","@id":"https:\/\/minguella.com\/en\/#breadcrumb","itemListElement":[{"@type":"ListItem","position":1,"name":"Inici","item":"https:\/\/minguella.com\/en\/"},{"@type":"ListItem","position":2,"name":"Home"}]},{"@type":"WebSite","@id":"https:\/\/minguella.com\/en\/#website","url":"https:\/\/minguella.com\/en\/","name":"Grues Minguella","description":"Up your business","potentialAction":[{"@type":"SearchAction","target":{"@type":"EntryPoint","urlTemplate":"https:\/\/minguella.com\/en\/?s={search_term_string}"},"query-input":"required name=search_term_string"}],"inLanguage":"en-US"}]}},"_links":{"self":[{"href":"https:\/\/minguella.com\/en\/wp-json\/wp\/v2\/pages\/4972"}],"collection":[{"href":"https:\/\/minguella.com\/en\/wp-json\/wp\/v2\/pages"}],"about":[{"href":"https:\/\/minguella.com\/en\/wp-json\/wp\/v2\/types\/page"}],"author":[{"embeddable":true,"href":"https:\/\/minguella.com\/en\/wp-json\/wp\/v2\/users\/1"}],"replies":[{"embeddable":true,"href":"https:\/\/minguella.com\/en\/wp-json\/wp\/v2\/comments?post=4972"}],"version-history":[{"count":1,"href":"https:\/\/minguella.com\/en\/wp-json\/wp\/v2\/pages\/4972\/revisions"}],"predecessor-version":[{"id":6268,"href":"https:\/\/minguella.com\/en\/wp-json\/wp\/v2\/pages\/4972\/revisions\/6268"}],"wp:attachment":[{"href":"https:\/\/minguella.com\/en\/wp-json\/wp\/v2\/media?parent=4972"}],"curies":[{"name":"wp","href":"https:\/\/api.w.org\/{rel}","templated":true}]}}